{"id":244,"date":"2022-11-19T15:34:07","date_gmt":"2022-11-19T15:34:07","guid":{"rendered":"https:\/\/mrc.academiatm.ro\/mrc-lego-hydro\/"},"modified":"2024-10-28T18:44:34","modified_gmt":"2024-10-28T18:44:34","slug":"mrc-lego-hydro","status":"publish","type":"page","link":"https:\/\/mrc.academiatm.ro\/ro\/","title":{"rendered":"MRC-LEGO-HYDRO"},"content":{"rendered":"<p>[et_pb_section fb_built=&#8221;1&#8243; fullwidth=&#8221;on&#8221; admin_label=&#8221;Header&#8221; _builder_version=&#8221;4.19.1&#8243; background_enable_color=&#8221;off&#8221; background_image=&#8221;https:\/\/mrc.academiatm.ro\/wp-content\/uploads\/2022\/11\/MRC-CT-02.jpg&#8221; parallax=&#8221;on&#8221; custom_padding=&#8221;0px|0|0px|0px|false|false&#8221; global_colors_info=&#8221;{}&#8221;][et_pb_fullwidth_header title=&#8221;Ambreiaj Magneto-Reologic in Constructie Modulara pentru Unitati de Pompare&#8221; text_orientation=&#8221;center&#8221; button_one_text=&#8221;Parteneri&#8221; button_two_text=&#8221;Obiective&#8221; content_max_width=&#8221;99%&#8221; admin_label=&#8221;Fullwidth Header&#8221; _builder_version=&#8221;4.19.1&#8243; title_font=&#8221;Merriweather||||||||&#8221; title_text_align=&#8221;center&#8221; title_font_size=&#8221;69px&#8221; title_line_height=&#8221;1.4em&#8221; content_font=&#8221;Open Sans||||||||&#8221; content_text_align=&#8221;center&#8221; content_font_size=&#8221;18px&#8221; content_line_height=&#8221;1.8em&#8221; background_color=&#8221;rgba(0,0,0,0)&#8221; use_background_color_gradient=&#8221;on&#8221; background_color_gradient_direction=&#8221;140deg&#8221; background_color_gradient_stops=&#8221;rgba(0,0,0,0.9) 0%|rgba(80,103,147,0.5) 100%&#8221; background_color_gradient_start=&#8221;rgba(0,0,0,0.9)&#8221; background_color_gradient_end=&#8221;rgba(80,103,147,0.5)&#8221; background_image=&#8221;https:\/\/mrc.academiatm.ro\/wp-content\/uploads\/2022\/11\/venture_02.png&#8221; custom_button_one=&#8221;on&#8221; button_one_text_size=&#8221;14px&#8221; button_one_bg_color=&#8221;#0367A5&#8243; button_one_border_color=&#8221;rgba(0,0,0,0)&#8221; button_one_border_radius=&#8221;0px&#8221; button_one_letter_spacing=&#8221;1px&#8221; button_one_font=&#8221;|700||on|||||&#8221; button_one_custom_padding=&#8221;16px|28px|16px|28px|true|true&#8221; custom_button_two=&#8221;on&#8221; button_two_text_size=&#8221;14px&#8221; button_two_border_width=&#8221;2px&#8221; button_two_border_radius=&#8221;0px&#8221; button_two_letter_spacing=&#8221;1px&#8221; button_two_font=&#8221;|700||on|||||&#8221; button_two_custom_padding=&#8221;16px|28px|16px|28px|true|true&#8221; width=&#8221;100%&#8221; max_width=&#8221;100%&#8221; custom_margin=&#8221;|||&#8221; custom_padding=&#8221;10vw||10vw||true&#8221; custom_padding_tablet=&#8221;100px||100px||true&#8221; custom_padding_phone=&#8221;|||&#8221; custom_padding_last_edited=&#8221;on|desktop&#8221; title_font_size_tablet=&#8221;54px&#8221; title_font_size_phone=&#8221;34px&#8221; title_font_size_last_edited=&#8221;on|phone&#8221; content_font_size_tablet=&#8221;&#8221; content_font_size_phone=&#8221;16px&#8221; content_font_size_last_edited=&#8221;on|phone&#8221; custom_css_header_container=&#8221;max-width: 1280px;||width: 100%;&#8221; button_one_border_color_hover=&#8221;#ff8a3d&#8221; button_one_border_radius_hover=&#8221;100px&#8221; button_one_letter_spacing_hover=&#8221;5px&#8221; button_one_bg_color_hover=&#8221;#ff8a3d&#8221; global_colors_info=&#8221;{}&#8221; button_one_text_size__hover_enabled=&#8221;off&#8221; button_two_text_size__hover_enabled=&#8221;off&#8221; button_one_text_color__hover_enabled=&#8221;off&#8221; button_two_text_color__hover_enabled=&#8221;off&#8221; button_one_border_width__hover_enabled=&#8221;off&#8221; button_two_border_width__hover_enabled=&#8221;off&#8221; button_one_border_color__hover_enabled=&#8221;off&#8221; button_one_border_color__hover=&#8221;#ff8a3d&#8221; button_two_border_color__hover_enabled=&#8221;off&#8221; button_one_border_radius__hover_enabled=&#8221;off&#8221; button_one_border_radius__hover=&#8221;100px&#8221; button_two_border_radius__hover_enabled=&#8221;off&#8221; button_one_letter_spacing__hover_enabled=&#8221;off&#8221; button_one_letter_spacing__hover=&#8221;5px&#8221; button_two_letter_spacing__hover_enabled=&#8221;off&#8221; button_one_bg_color__hover_enabled=&#8221;off&#8221; button_one_bg_color__hover=&#8221;#ff8a3d&#8221; button_two_bg_color__hover_enabled=&#8221;off&#8221;][\/et_pb_fullwidth_header][\/et_pb_section][et_pb_section fb_built=&#8221;1&#8243; admin_label=&#8221;Logos&#8221; _builder_version=&#8221;4.16&#8243; z_index=&#8221;1&#8243; custom_padding=&#8221;||0px|||&#8221; global_colors_info=&#8221;{}&#8221;][et_pb_row column_structure=&#8221;1_4,1_4,1_4,1_4&#8243; use_custom_gutter=&#8221;on&#8221; gutter_width=&#8221;2&#8243; _builder_version=&#8221;4.16&#8243; width=&#8221;90%&#8221; max_width=&#8221;1280px&#8221; overflow-x=&#8221;visible&#8221; overflow-y=&#8221;visible&#8221; custom_margin_tablet=&#8221;30px||30px||true|false&#8221; custom_margin_phone=&#8221;&#8221; custom_margin_last_edited=&#8221;on|desktop&#8221; custom_padding=&#8221;0px||0px||true|&#8221; global_colors_info=&#8221;{}&#8221; max_width__hover_enabled=&#8221;off&#8221;][et_pb_column type=&#8221;1_4&#8243; _builder_version=&#8221;4.16&#8243; global_colors_info=&#8221;{}&#8221;][\/et_pb_column][et_pb_column type=&#8221;1_4&#8243; _builder_version=&#8221;4.16&#8243; z_index=&#8221;10&#8243; global_colors_info=&#8221;{}&#8221;][et_pb_image src=&#8221;https:\/\/mrc.academiatm.ro\/wp-content\/uploads\/2022\/11\/AcademiaTM.jpg&#8221; title_text=&#8221;AcademiaTM&#8221; align=&#8221;center&#8221; force_fullwidth=&#8221;on&#8221; _builder_version=&#8221;4.19.0&#8243; background_color=&#8221;#ffffff&#8221; transform_scale=&#8221;134%|134%&#8221; transform_scale_tablet=&#8221;100%|100%&#8221; transform_scale_phone=&#8221;&#8221; transform_scale_last_edited=&#8221;on|desktop&#8221; transform_translate=&#8221;24px|0px&#8221; transform_translate_tablet=&#8221;0px|0px&#8221; transform_translate_phone=&#8221;&#8221; transform_translate_last_edited=&#8221;on|desktop&#8221; transform_translate_linked=&#8221;off&#8221; transform_rotate_tablet=&#8221;&#8221; transform_rotate_phone=&#8221;&#8221; transform_rotate_last_edited=&#8221;on|desktop&#8221; transform_skew_tablet=&#8221;&#8221; transform_skew_phone=&#8221;&#8221; transform_skew_last_edited=&#8221;on|desktop&#8221; transform_origin=&#8221;50%|100%&#8221; transform_origin_tablet=&#8221;&#8221; transform_origin_phone=&#8221;&#8221; transform_origin_last_edited=&#8221;on|desktop&#8221; transform_styles_last_edited=&#8221;on|desktop&#8221; width_last_edited=&#8221;off|desktop&#8221; custom_margin=&#8221;-80px||||false|false&#8221; custom_margin_tablet=&#8221;0px||||false|false&#8221; custom_margin_phone=&#8221;&#8221; custom_margin_last_edited=&#8221;on|phone&#8221; animation_style=&#8221;zoom&#8221; animation_intensity_zoom=&#8221;2%&#8221; transform_styles_tablet=&#8221;&#8221; transform_styles_phone=&#8221;&#8221; border_width_all=&#8221;20px&#8221; border_color_all=&#8221;rgba(0,0,0,0)&#8221; box_shadow_style=&#8221;preset3&#8243; box_shadow_horizontal=&#8221;13px&#8221; box_shadow_vertical=&#8221;38px&#8221; box_shadow_blur=&#8221;50px&#8221; box_shadow_spread=&#8221;0px&#8221; box_shadow_color=&#8221;rgba(133,143,175,0.2)&#8221; locked=&#8221;off&#8221; global_colors_info=&#8221;{}&#8221;][\/et_pb_image][\/et_pb_column][et_pb_column type=&#8221;1_4&#8243; _builder_version=&#8221;4.16&#8243; global_colors_info=&#8221;{}&#8221;][\/et_pb_column][et_pb_column type=&#8221;1_4&#8243; _builder_version=&#8221;4.16&#8243; global_colors_info=&#8221;{}&#8221;][et_pb_image src=&#8221;https:\/\/mrc.academiatm.ro\/wp-content\/uploads\/2022\/11\/ROSEAL.jpg&#8221; title_text=&#8221;ROSEAL&#8221; align=&#8221;center&#8221; force_fullwidth=&#8221;on&#8221; _builder_version=&#8221;4.19.0&#8243; background_color=&#8221;#ffffff&#8221; custom_margin=&#8221;-100px||||false|false&#8221; custom_margin_tablet=&#8221;0px||||false|false&#8221; custom_margin_phone=&#8221;&#8221; custom_margin_last_edited=&#8221;on|phone&#8221; animation_style=&#8221;zoom&#8221; border_width_all=&#8221;20px&#8221; border_color_all=&#8221;rgba(0,0,0,0)&#8221; box_shadow_style=&#8221;preset3&#8243; box_shadow_horizontal=&#8221;13px&#8221; box_shadow_vertical=&#8221;38px&#8221; box_shadow_blur=&#8221;50px&#8221; box_shadow_spread=&#8221;0px&#8221; box_shadow_color=&#8221;rgba(133,143,175,0.2)&#8221; locked=&#8221;off&#8221; global_colors_info=&#8221;{}&#8221;][\/et_pb_image][\/et_pb_column][\/et_pb_row][\/et_pb_section][et_pb_section fb_built=&#8221;1&#8243; admin_label=&#8221;Mission&#8221; _builder_version=&#8221;4.16&#8243; background_color=&#8221;#22272a&#8221; background_image=&#8221;https:\/\/mrc.academiatm.ro\/wp-content\/uploads\/2022\/11\/venture_03.png&#8221; global_colors_info=&#8221;{}&#8221;][et_pb_row column_structure=&#8221;2_5,3_5&#8243; _builder_version=&#8221;4.16&#8243; custom_margin=&#8221;30px|auto|30px|auto|true|&#8221; global_colors_info=&#8221;{}&#8221;][et_pb_column type=&#8221;2_5&#8243; _builder_version=&#8221;4.16&#8243; global_colors_info=&#8221;{}&#8221;][et_pb_text _builder_version=&#8221;4.16&#8243; text_font=&#8221;Merriweather||||||||&#8221; text_text_color=&#8221;#ff6d29&#8243; text_font_size=&#8221;24px&#8221; text_line_height=&#8221;1.3em&#8221; transform_scale_tablet=&#8221;&#8221; transform_scale_phone=&#8221;&#8221; transform_scale_last_edited=&#8221;on|desktop&#8221; transform_translate=&#8221;-130%|0px&#8221; transform_translate_tablet=&#8221;&#8221; transform_translate_phone=&#8221;0%|0px&#8221; transform_translate_last_edited=&#8221;on|desktop&#8221; transform_translate_linked=&#8221;off&#8221; transform_rotate_tablet=&#8221;&#8221; transform_rotate_phone=&#8221;&#8221; transform_rotate_last_edited=&#8221;on|desktop&#8221; transform_skew_tablet=&#8221;&#8221; transform_skew_phone=&#8221;&#8221; transform_skew_last_edited=&#8221;on|desktop&#8221; transform_origin_tablet=&#8221;&#8221; transform_origin_phone=&#8221;&#8221; transform_origin_last_edited=&#8221;on|desktop&#8221; transform_styles_last_edited=&#8221;on|desktop&#8221; text_orientation=&#8221;right&#8221; width=&#8221;50px&#8221; max_width=&#8221;800px&#8221; custom_margin=&#8221;||-38px||false|false&#8221; custom_margin_tablet=&#8221;&#8221; custom_margin_phone=&#8221;||12px||false|false&#8221; custom_margin_last_edited=&#8221;on|phone&#8221; animation_style=&#8221;slide&#8221; transform_styles_tablet=&#8221;&#8221; transform_styles_phone=&#8221;&#8221; border_color_all=&#8221;rgba(255,109,41,0.5)&#8221; border_width_bottom=&#8221;1px&#8221; text_text_align=&#8221;right&#8221; locked=&#8221;off&#8221; global_colors_info=&#8221;{}&#8221; text_text_align_phone=&#8221;left&#8221; text_text_align_last_edited=&#8221;on|phone&#8221; text_text_align_tablet=&#8221;right&#8221;]<\/p>\n<p>01<\/p>\n<p>[\/et_pb_text][et_pb_text _builder_version=&#8221;4.19.0&#8243; header_2_font=&#8221;Merriweather||||||||&#8221; header_2_font_size=&#8221;50px&#8221; header_2_line_height=&#8221;1.4em&#8221; background_layout=&#8221;dark&#8221; max_width=&#8221;800px&#8221; header_2_font_size_tablet=&#8221;36px&#8221; header_2_font_size_phone=&#8221;24px&#8221; header_2_font_size_last_edited=&#8221;on|desktop&#8221; locked=&#8221;off&#8221; global_colors_info=&#8221;{}&#8221;]<\/p>\n<h2>Proiect MRC-LEGO-HYDRO<\/h2>\n<p>[\/et_pb_text][\/et_pb_column][et_pb_column type=&#8221;3_5&#8243; _builder_version=&#8221;4.16&#8243; global_colors_info=&#8221;{}&#8221;][et_pb_text _builder_version=&#8221;4.27.2&#8243; text_font=&#8221;||||||||&#8221; text_font_size=&#8221;16px&#8221; text_line_height=&#8221;2em&#8221; background_layout=&#8221;dark&#8221; max_width=&#8221;800px&#8221; hover_enabled=&#8221;0&#8243; text_font_size_tablet=&#8221;&#8221; text_font_size_phone=&#8221;14px&#8221; text_font_size_last_edited=&#8221;on|desktop&#8221; text_line_height_tablet=&#8221;&#8221; text_line_height_phone=&#8221;1.6em&#8221; text_line_height_last_edited=&#8221;on|desktop&#8221; locked=&#8221;off&#8221; global_colors_info=&#8221;{}&#8221; sticky_enabled=&#8221;0&#8243;]<\/p>\n<p><b>Ambreiaj Magneto-Reologic in Constructie Modulara pentru Unitati de Pompare <\/b><b>Units \u2013 MRC-LEGO-HYDRO<br \/><\/b>Project code <b>PN-III-P2-2.1-PED-2021-1479<br \/><\/b>Contract no. <b>723PED2022<br \/><\/b>June 27th, 2022 \u2013 October 25th, 2024 <b>(28 months)<\/b><\/p>\n<p>[\/et_pb_text][\/et_pb_column][\/et_pb_row][et_pb_row column_structure=&#8221;2_5,3_5&#8243; _builder_version=&#8221;4.16&#8243; custom_margin=&#8221;30px|auto|30px|auto|true|&#8221; global_colors_info=&#8221;{}&#8221;][et_pb_column type=&#8221;2_5&#8243; _builder_version=&#8221;4.16&#8243; global_colors_info=&#8221;{}&#8221;][et_pb_text _builder_version=&#8221;4.16&#8243; text_font=&#8221;Merriweather||||||||&#8221; text_text_color=&#8221;#ffcf56&#8243; text_font_size=&#8221;24px&#8221; text_line_height=&#8221;1.3em&#8221; transform_scale_tablet=&#8221;&#8221; transform_scale_phone=&#8221;&#8221; transform_scale_last_edited=&#8221;on|desktop&#8221; transform_translate=&#8221;-130%|0px&#8221; transform_translate_tablet=&#8221;&#8221; transform_translate_phone=&#8221;0%|0px&#8221; transform_translate_last_edited=&#8221;on|desktop&#8221; transform_translate_linked=&#8221;off&#8221; transform_rotate_tablet=&#8221;&#8221; transform_rotate_phone=&#8221;&#8221; transform_rotate_last_edited=&#8221;on|desktop&#8221; transform_skew_tablet=&#8221;&#8221; transform_skew_phone=&#8221;&#8221; transform_skew_last_edited=&#8221;on|desktop&#8221; transform_origin_tablet=&#8221;&#8221; transform_origin_phone=&#8221;&#8221; transform_origin_last_edited=&#8221;on|desktop&#8221; transform_styles_last_edited=&#8221;on|desktop&#8221; text_orientation=&#8221;right&#8221; width=&#8221;50px&#8221; max_width=&#8221;800px&#8221; custom_margin=&#8221;||-38px||false|false&#8221; custom_margin_tablet=&#8221;&#8221; custom_margin_phone=&#8221;||12px||false|false&#8221; custom_margin_last_edited=&#8221;on|phone&#8221; animation_style=&#8221;slide&#8221; transform_styles_tablet=&#8221;&#8221; transform_styles_phone=&#8221;&#8221; border_color_all=&#8221;rgba(255,207,86,0.5)&#8221; border_width_bottom=&#8221;1px&#8221; text_text_align=&#8221;right&#8221; locked=&#8221;off&#8221; global_colors_info=&#8221;{}&#8221; text_text_align_phone=&#8221;left&#8221; text_text_align_last_edited=&#8221;on|phone&#8221; text_text_align_tablet=&#8221;right&#8221;]<\/p>\n<p>02<\/p>\n<p>[\/et_pb_text][et_pb_text _builder_version=&#8221;4.16&#8243; header_2_font=&#8221;Merriweather||||||||&#8221; header_2_font_size=&#8221;50px&#8221; header_2_line_height=&#8221;1.4em&#8221; background_layout=&#8221;dark&#8221; max_width=&#8221;800px&#8221; header_2_font_size_tablet=&#8221;36px&#8221; header_2_font_size_phone=&#8221;24px&#8221; header_2_font_size_last_edited=&#8221;on|desktop&#8221; locked=&#8221;off&#8221; global_colors_info=&#8221;{}&#8221;]<\/p>\n<h2>Coordonator<\/h2>\n<p>[\/et_pb_text][\/et_pb_column][et_pb_column type=&#8221;3_5&#8243; _builder_version=&#8221;4.16&#8243; global_colors_info=&#8221;{}&#8221;][et_pb_text _builder_version=&#8221;4.16&#8243; text_font=&#8221;||||||||&#8221; text_font_size=&#8221;16px&#8221; text_line_height=&#8221;2em&#8221; background_layout=&#8221;dark&#8221; max_width=&#8221;800px&#8221; text_font_size_tablet=&#8221;&#8221; text_font_size_phone=&#8221;14px&#8221; text_font_size_last_edited=&#8221;on|desktop&#8221; text_line_height_tablet=&#8221;&#8221; text_line_height_phone=&#8221;1.6em&#8221; text_line_height_last_edited=&#8221;on|desktop&#8221; locked=&#8221;off&#8221; global_colors_info=&#8221;{}&#8221;]<\/p>\n<p><b>Academia Romana &#8211; Filiala Timisoara (RATB)<\/b><b><\/b><\/p>\n<p><i>Manager proiect:<\/i> <b>Dr.eng. Sebastian Muntean, Senior Researcher<\/b><\/p>\n<p>[\/et_pb_text][\/et_pb_column][\/et_pb_row][et_pb_row column_structure=&#8221;2_5,3_5&#8243; _builder_version=&#8221;4.16&#8243; custom_margin=&#8221;30px|auto|30px|auto|true|&#8221; global_colors_info=&#8221;{}&#8221;][et_pb_column type=&#8221;2_5&#8243; _builder_version=&#8221;4.16&#8243; global_colors_info=&#8221;{}&#8221;][et_pb_text _builder_version=&#8221;4.19.1&#8243; text_font=&#8221;Merriweather||||||||&#8221; text_text_color=&#8221;#8DF3F2&#8243; text_font_size=&#8221;24px&#8221; text_line_height=&#8221;1.3em&#8221; transform_scale_tablet=&#8221;&#8221; transform_scale_phone=&#8221;&#8221; transform_scale_last_edited=&#8221;on|desktop&#8221; transform_translate=&#8221;-130%|0px&#8221; transform_translate_tablet=&#8221;&#8221; transform_translate_phone=&#8221;0%|0px&#8221; transform_translate_last_edited=&#8221;on|desktop&#8221; transform_translate_linked=&#8221;off&#8221; transform_rotate_tablet=&#8221;&#8221; transform_rotate_phone=&#8221;&#8221; transform_rotate_last_edited=&#8221;on|desktop&#8221; transform_skew_tablet=&#8221;&#8221; transform_skew_phone=&#8221;&#8221; transform_skew_last_edited=&#8221;on|desktop&#8221; transform_origin_tablet=&#8221;&#8221; transform_origin_phone=&#8221;&#8221; transform_origin_last_edited=&#8221;on|desktop&#8221; transform_styles_last_edited=&#8221;on|desktop&#8221; text_orientation=&#8221;right&#8221; width=&#8221;50px&#8221; max_width=&#8221;800px&#8221; custom_margin=&#8221;||-38px||false|false&#8221; custom_margin_tablet=&#8221;&#8221; custom_margin_phone=&#8221;||12px||false|false&#8221; custom_margin_last_edited=&#8221;on|phone&#8221; animation_style=&#8221;slide&#8221; transform_styles_tablet=&#8221;&#8221; transform_styles_phone=&#8221;&#8221; border_color_all=&#8221;rgba(81,81,255,0.5)&#8221; border_width_bottom=&#8221;1px&#8221; text_text_align=&#8221;right&#8221; locked=&#8221;off&#8221; global_colors_info=&#8221;{}&#8221; text_text_align_phone=&#8221;left&#8221; text_text_align_last_edited=&#8221;on|phone&#8221; text_text_align_tablet=&#8221;right&#8221;]<\/p>\n<p>03<\/p>\n<p>[\/et_pb_text][et_pb_text _builder_version=&#8221;4.16&#8243; header_2_font=&#8221;Merriweather||||||||&#8221; header_2_font_size=&#8221;50px&#8221; header_2_line_height=&#8221;1.4em&#8221; background_layout=&#8221;dark&#8221; max_width=&#8221;800px&#8221; header_2_font_size_tablet=&#8221;36px&#8221; header_2_font_size_phone=&#8221;24px&#8221; header_2_font_size_last_edited=&#8221;on|desktop&#8221; locked=&#8221;off&#8221; global_colors_info=&#8221;{}&#8221;]<\/p>\n<h2>Partener 1<\/h2>\n<p>[\/et_pb_text][\/et_pb_column][et_pb_column type=&#8221;3_5&#8243; _builder_version=&#8221;4.16&#8243; global_colors_info=&#8221;{}&#8221;][et_pb_text _builder_version=&#8221;4.19.0&#8243; text_font=&#8221;||||||||&#8221; text_font_size=&#8221;16px&#8221; text_line_height=&#8221;2em&#8221; background_layout=&#8221;dark&#8221; max_width=&#8221;800px&#8221; text_font_size_tablet=&#8221;&#8221; text_font_size_phone=&#8221;14px&#8221; text_font_size_last_edited=&#8221;on|desktop&#8221; text_line_height_tablet=&#8221;&#8221; text_line_height_phone=&#8221;1.6em&#8221; text_line_height_last_edited=&#8221;on|desktop&#8221; locked=&#8221;off&#8221; global_colors_info=&#8221;{}&#8221;]<\/p>\n<p><b>ROSEAL SA <\/b><b>Odorheiul<\/b> <b>Secuiesc<\/b> <b>(ROSEAL)<\/b><\/p>\n<p><i>Team manager P1:<\/i> <b>eng. <\/b><b>Istv\u00e1n<\/b> <b>Borb\u00e1th<\/b><b>, <\/b><b>G<\/b><b>eneral <\/b><b>M<\/b><b>anager<\/b><\/p>\n<p><b><\/b><\/p>\n<p><b><\/b><\/p>\n<p>[\/et_pb_text][\/et_pb_column][\/et_pb_row][et_pb_row column_structure=&#8221;2_5,3_5&#8243; _builder_version=&#8221;4.16&#8243; custom_margin=&#8221;30px|auto|30px|auto|true|&#8221; global_colors_info=&#8221;{}&#8221;][et_pb_column type=&#8221;2_5&#8243; _builder_version=&#8221;4.16&#8243; global_colors_info=&#8221;{}&#8221;][et_pb_text _builder_version=&#8221;4.19.1&#8243; text_font=&#8221;Merriweather||||||||&#8221; text_text_color=&#8221;#0367a5&#8243; text_font_size=&#8221;24px&#8221; text_line_height=&#8221;1.3em&#8221; transform_scale_tablet=&#8221;&#8221; transform_scale_phone=&#8221;&#8221; transform_scale_last_edited=&#8221;on|desktop&#8221; transform_translate=&#8221;-130%|0px&#8221; transform_translate_tablet=&#8221;&#8221; transform_translate_phone=&#8221;0%|0px&#8221; transform_translate_last_edited=&#8221;on|desktop&#8221; transform_translate_linked=&#8221;off&#8221; transform_rotate_tablet=&#8221;&#8221; transform_rotate_phone=&#8221;&#8221; transform_rotate_last_edited=&#8221;on|desktop&#8221; transform_skew_tablet=&#8221;&#8221; transform_skew_phone=&#8221;&#8221; transform_skew_last_edited=&#8221;on|desktop&#8221; transform_origin_tablet=&#8221;&#8221; transform_origin_phone=&#8221;&#8221; transform_origin_last_edited=&#8221;on|desktop&#8221; transform_styles_last_edited=&#8221;on|desktop&#8221; text_orientation=&#8221;right&#8221; width=&#8221;50px&#8221; max_width=&#8221;800px&#8221; custom_margin=&#8221;||-38px||false|false&#8221; custom_margin_tablet=&#8221;&#8221; custom_margin_phone=&#8221;||12px||false|false&#8221; custom_margin_last_edited=&#8221;on|phone&#8221; animation_style=&#8221;slide&#8221; transform_styles_tablet=&#8221;&#8221; transform_styles_phone=&#8221;&#8221; border_color_all=&#8221;rgba(81,81,255,0.5)&#8221; border_width_bottom=&#8221;1px&#8221; text_text_align=&#8221;right&#8221; locked=&#8221;off&#8221; global_colors_info=&#8221;{}&#8221; text_text_align_phone=&#8221;left&#8221; text_text_align_last_edited=&#8221;on|phone&#8221; text_text_align_tablet=&#8221;right&#8221;]<\/p>\n<p>04<\/p>\n<p>[\/et_pb_text][et_pb_text _builder_version=&#8221;4.16&#8243; header_2_font=&#8221;Merriweather||||||||&#8221; header_2_font_size=&#8221;50px&#8221; header_2_line_height=&#8221;1.4em&#8221; background_layout=&#8221;dark&#8221; max_width=&#8221;800px&#8221; header_2_font_size_tablet=&#8221;36px&#8221; header_2_font_size_phone=&#8221;24px&#8221; header_2_font_size_last_edited=&#8221;on|desktop&#8221; locked=&#8221;off&#8221; global_colors_info=&#8221;{}&#8221;]<\/p>\n<h2>Comitet Stiintific<\/h2>\n<p>[\/et_pb_text][\/et_pb_column][et_pb_column type=&#8221;3_5&#8243; _builder_version=&#8221;4.16&#8243; global_colors_info=&#8221;{}&#8221;][et_pb_text _builder_version=&#8221;4.19.0&#8243; text_font=&#8221;||||||||&#8221; text_font_size=&#8221;16px&#8221; text_line_height=&#8221;2em&#8221; background_layout=&#8221;dark&#8221; max_width=&#8221;800px&#8221; text_font_size_tablet=&#8221;&#8221; text_font_size_phone=&#8221;14px&#8221; text_font_size_last_edited=&#8221;on|desktop&#8221; text_line_height_tablet=&#8221;&#8221; text_line_height_phone=&#8221;1.6em&#8221; text_line_height_last_edited=&#8221;on|desktop&#8221; locked=&#8221;off&#8221; global_colors_info=&#8221;{}&#8221;]<\/p>\n<p><b>Dr.eng. Sebastian Muntean, SR, PM<br \/><\/b><b>Dr.<\/b><b>phys<\/b><b>. <\/b><b>Ladislau<\/b> <b>V\u00e9k\u00e1s<\/b><b>, SR, FM-RA<br \/><\/b><b>E<\/b><b>ng. <\/b><b>Istv\u00e1n<\/b><b> BORB\u00c1TH, <\/b><b>GM, TM-P1<\/b><\/p>\n<p>[\/et_pb_text][\/et_pb_column][\/et_pb_row][\/et_pb_section][et_pb_section fb_built=&#8221;1&#8243; custom_padding_last_edited=&#8221;on|desktop&#8221; prev_background_color=&#8221;#22272a&#8221; admin_label=&#8221;About&#8221; _builder_version=&#8221;4.19.1&#8243; background_color=&#8221;#0367A5&#8243; background_image=&#8221;https:\/\/mrc.academiatm.ro\/wp-content\/uploads\/2022\/11\/venture_04.png&#8221; custom_padding=&#8221;130px||130px||true|false&#8221; custom_padding_tablet=&#8221;&#8221; custom_padding_phone=&#8221;60px||60px||true|false&#8221; top_divider_style=&#8221;triangle&#8221; top_divider_height=&#8221;60px&#8221; top_divider_flip=&#8221;vertical&#8221; global_colors_info=&#8221;{}&#8221;][et_pb_row _builder_version=&#8221;4.16&#8243; global_colors_info=&#8221;{}&#8221;][et_pb_column type=&#8221;4_4&#8243; _builder_version=&#8221;4.16&#8243; global_colors_info=&#8221;{}&#8221;][et_pb_text _builder_version=&#8221;4.16&#8243; text_font=&#8221;Merriweather||||||||&#8221; text_text_color=&#8221;rgba(255,255,255,0.32)&#8221; text_font_size=&#8221;24px&#8221; text_line_height=&#8221;1.3em&#8221; text_orientation=&#8221;center&#8221; background_layout=&#8221;dark&#8221; width=&#8221;100px&#8221; max_width=&#8221;800px&#8221; module_alignment=&#8221;center&#8221; border_color_all=&#8221;rgba(255,255,255,0.32)&#8221; border_width_bottom=&#8221;1px&#8221; text_text_align=&#8221;center&#8221; locked=&#8221;off&#8221; global_colors_info=&#8221;{}&#8221;]<\/p>\n<p>Despre<\/p>\n<p>[\/et_pb_text][et_pb_text _builder_version=&#8221;4.16&#8243; text_font_size=&#8221;16px&#8221; text_line_height=&#8221;2em&#8221; header_2_font=&#8221;Merriweather||||||||&#8221; header_2_font_size=&#8221;50px&#8221; header_2_line_height=&#8221;1.4em&#8221; text_orientation=&#8221;center&#8221; background_layout=&#8221;dark&#8221; max_width=&#8221;800px&#8221; max_width_tablet=&#8221;&#8221; max_width_phone=&#8221;&#8221; max_width_last_edited=&#8221;on|phone&#8221; module_alignment=&#8221;center&#8221; header_2_font_size_tablet=&#8221;36px&#8221; header_2_font_size_phone=&#8221;24px&#8221; header_2_font_size_last_edited=&#8221;on|desktop&#8221; locked=&#8221;off&#8221; global_colors_info=&#8221;{}&#8221;]<\/p>\n<h2>Patent no. RO131578-B1\/2019<\/h2>\n<p>Muntean S., Susan-Resiga R., Bosioc A., Constantin S., Maxim D., Tanasa C., V\u00e9k\u00e1s L., Borb\u00e1th I., Anton L., <i>Equipment<\/i><i> for <\/i><i>reducing<\/i> <i>cavitational<\/i> <i>effects<\/i> <i>and<\/i> <i>level<\/i><i> at turbo <\/i><i>pump<\/i> <i>inlets<\/i>, Patent No. RO131578-B1\/2019<\/p>\n<p>[\/et_pb_text][\/et_pb_column][\/et_pb_row][\/et_pb_section]<\/p>\n","protected":false},"excerpt":{"rendered":"<p>01Proiect MRC-LEGO-HYDROAmbreiaj Magneto-Reologic in Constructie Modulara pentru Unitati de Pompare Units \u2013 MRC-LEGO-HYDROProject code PN-III-P2-2.1-PED-2021-1479Contract no. 723PED2022June 27th, 2022 \u2013 October 25th, 2024 (28 months)02CoordonatorAcademia Romana &#8211; Filiala Timisoara (RATB) Manager proiect: Dr.eng. Sebastian Muntean, Senior Researcher03Partener 1ROSEAL SA Odorheiul Secuiesc (ROSEAL) Team manager P1: eng. Istv\u00e1n Borb\u00e1th, General Manager 04Comitet StiintificDr.eng. Sebastian Muntean, SR, [&hellip;]<\/p>\n","protected":false},"author":1,"featured_media":0,"parent":0,"menu_order":0,"comment_status":"closed","ping_status":"closed","template":"","meta":{"_et_pb_use_builder":"on","_et_pb_old_content":"","_et_gb_content_width":"","footnotes":""},"class_list":["post-244","page","type-page","status-publish","hentry"],"_links":{"self":[{"href":"https:\/\/mrc.academiatm.ro\/ro\/wp-json\/wp\/v2\/pages\/244","targetHints":{"allow":["GET"]}}],"collection":[{"href":"https:\/\/mrc.academiatm.ro\/ro\/wp-json\/wp\/v2\/pages"}],"about":[{"href":"https:\/\/mrc.academiatm.ro\/ro\/wp-json\/wp\/v2\/types\/page"}],"author":[{"embeddable":true,"href":"https:\/\/mrc.academiatm.ro\/ro\/wp-json\/wp\/v2\/users\/1"}],"replies":[{"embeddable":true,"href":"https:\/\/mrc.academiatm.ro\/ro\/wp-json\/wp\/v2\/comments?post=244"}],"version-history":[{"count":6,"href":"https:\/\/mrc.academiatm.ro\/ro\/wp-json\/wp\/v2\/pages\/244\/revisions"}],"predecessor-version":[{"id":370,"href":"https:\/\/mrc.academiatm.ro\/ro\/wp-json\/wp\/v2\/pages\/244\/revisions\/370"}],"wp:attachment":[{"href":"https:\/\/mrc.academiatm.ro\/ro\/wp-json\/wp\/v2\/media?parent=244"}],"curies":[{"name":"wp","href":"https:\/\/api.w.org\/{rel}","templated":true}]}}