{"id":250,"date":"2022-11-19T16:45:21","date_gmt":"2022-11-19T16:45:21","guid":{"rendered":"https:\/\/mrc.academiatm.ro\/partneri-proiect\/"},"modified":"2024-10-29T06:03:05","modified_gmt":"2024-10-29T06:03:05","slug":"partneri-proiect","status":"publish","type":"page","link":"https:\/\/mrc.academiatm.ro\/ro\/partneri-proiect\/","title":{"rendered":"Partneri Proiect"},"content":{"rendered":"<p>[et_pb_section fb_built=&#8221;1&#8243; fullwidth=&#8221;on&#8221; admin_label=&#8221;Hero Section&#8221; _builder_version=&#8221;4.16&#8243; background_image=&#8221;https:\/\/mrc.academiatm.ro\/wp-content\/uploads\/2022\/11\/job_recruitement_15.jpg&#8221; parallax=&#8221;on&#8221; custom_padding=&#8221;|||&#8221; global_colors_info=&#8221;{}&#8221;][et_pb_fullwidth_header title=&#8221;27 IUNIE 2022 \u2013 25 Octombrie 2024 (28 LUNI)&#8221; subhead=&#8221;Partneri Proiect&#8221; button_one_text=&#8221;Contact RATB&#8221; button_one_url=&#8221;https:\/\/www.academiatm.ro&#8221; button_two_text=&#8221;Contact ROSEAL&#8221; button_two_url=&#8221;http:\/\/www.roseal.ro&#8221; content_max_width=&#8221;900px&#8221; _builder_version=&#8221;4.19.1&#8243; title_font=&#8221;Poppins|600||on|||||&#8221; title_font_size=&#8221;18px&#8221; title_letter_spacing=&#8221;4px&#8221; title_line_height=&#8221;1.8em&#8221; content_font=&#8221;||||||||&#8221; subhead_font=&#8221;Raleway|700|||||||&#8221; subhead_font_size=&#8221;72px&#8221; subhead_line_height=&#8221;1.4em&#8221; background_color=&#8221;rgba(126,190,197,0)&#8221; use_background_color_gradient=&#8221;on&#8221; background_color_gradient_direction=&#8221;90deg&#8221; background_color_gradient_stops=&#8221;#0367a5 25%|rgba(0,13,255,0.35) 75%&#8221; background_color_gradient_overlays_image=&#8221;on&#8221; background_color_gradient_start=&#8221;#000dff&#8221; background_color_gradient_start_position=&#8221;25%&#8221; background_color_gradient_end=&#8221;rgba(0,13,255,0.35)&#8221; background_color_gradient_end_position=&#8221;75%&#8221; custom_button_one=&#8221;on&#8221; button_one_text_size=&#8221;14px&#8221; button_one_bg_color=&#8221;#29cb8b&#8221; button_one_border_width=&#8221;12px&#8221; button_one_border_color=&#8221;#29cb8b&#8221; button_one_letter_spacing=&#8221;2px&#8221; button_one_font=&#8221;Poppins|600||on|||||&#8221; button_one_icon=&#8221;&#x24;||divi||400&#8243; custom_button_two=&#8221;on&#8221; button_two_text_size=&#8221;14px&#8221; button_two_text_color=&#8221;#29cb8b&#8221; button_two_bg_color=&#8221;#ffffff&#8221; button_two_border_width=&#8221;12px&#8221; button_two_border_color=&#8221;#ffffff&#8221; button_two_letter_spacing=&#8221;2px&#8221; button_two_font=&#8221;Poppins|600||on|||||&#8221; button_two_icon=&#8221;&#x24;||divi||400&#8243; custom_padding=&#8221;10vw||17vw|||&#8221; link_option_url_new_window=&#8221;on&#8221; content_font_size_last_edited=&#8221;off|desktop&#8221; subhead_font_size_tablet=&#8221;56px&#8221; subhead_font_size_phone=&#8221;36px&#8221; subhead_font_size_last_edited=&#8221;on|phone&#8221; button_one_letter_spacing_hover=&#8221;2px&#8221; button_two_letter_spacing_hover=&#8221;2px&#8221; global_colors_info=&#8221;{}&#8221; button_one_text_size__hover_enabled=&#8221;off&#8221; button_two_text_size__hover_enabled=&#8221;off&#8221; button_one_text_color__hover_enabled=&#8221;off&#8221; button_two_text_color__hover_enabled=&#8221;off&#8221; button_one_border_width__hover_enabled=&#8221;off&#8221; button_two_border_width__hover_enabled=&#8221;off&#8221; button_one_border_color__hover_enabled=&#8221;off&#8221; button_two_border_color__hover_enabled=&#8221;off&#8221; button_one_border_radius__hover_enabled=&#8221;off&#8221; button_two_border_radius__hover_enabled=&#8221;off&#8221; button_one_letter_spacing__hover_enabled=&#8221;on&#8221; button_one_letter_spacing__hover=&#8221;2px&#8221; button_two_letter_spacing__hover_enabled=&#8221;on&#8221; button_two_letter_spacing__hover=&#8221;2px&#8221; button_one_bg_color__hover_enabled=&#8221;off&#8221; button_two_bg_color__hover_enabled=&#8221;off&#8221;][\/et_pb_fullwidth_header][\/et_pb_section][et_pb_section fb_built=&#8221;1&#8243; _builder_version=&#8221;4.16&#8243; custom_margin=&#8221;||50px||false&#8221; custom_margin_tablet=&#8221;&#8221; custom_margin_phone=&#8221;||0px|&#8221; custom_margin_last_edited=&#8221;on|phone&#8221; custom_padding=&#8221;0px||||false&#8221; global_colors_info=&#8221;{}&#8221;][et_pb_row _builder_version=&#8221;4.16&#8243; width=&#8221;100%&#8221; max_width=&#8221;100%&#8221; custom_margin=&#8221;|||&#8221; custom_padding=&#8221;0|0px||0px|false|false&#8221; use_custom_width=&#8221;on&#8221; width_unit=&#8221;off&#8221; custom_width_percent=&#8221;100%&#8221; global_colors_info=&#8221;{}&#8221;][et_pb_column type=&#8221;4_4&#8243; _builder_version=&#8221;4.16&#8243; custom_padding=&#8221;|||&#8221; global_colors_info=&#8221;{}&#8221; custom_padding__hover=&#8221;|||&#8221;][et_pb_text _builder_version=&#8221;4.19.1&#8243; text_font=&#8221;Raleway|700|||||||&#8221; text_font_size=&#8221;21vw&#8221; text_line_height=&#8221;0.8em&#8221; header_font=&#8221;||||||||&#8221; background_layout=&#8221;dark&#8221; custom_margin=&#8221;-14vw|||-2%&#8221; animation_style=&#8221;slide&#8221; animation_direction=&#8221;bottom&#8221; animation_intensity_slide=&#8221;5%&#8221; animation_starting_opacity=&#8221;100%&#8221; text_font_size_tablet=&#8221;&#8221; text_font_size_phone=&#8221;&#8221; text_font_size_last_edited=&#8221;on|tablet&#8221; global_colors_info=&#8221;{}&#8221;]<\/p>\n<p>Parteneri<\/p>\n<p>[\/et_pb_text][\/et_pb_column][\/et_pb_row][\/et_pb_section][et_pb_section fb_built=&#8221;1&#8243; admin_label=&#8221;Welcome Section&#8221; _builder_version=&#8221;4.16&#8243; custom_padding=&#8221;10px||120px|&#8221; global_colors_info=&#8221;{}&#8221;][et_pb_row _builder_version=&#8221;4.16&#8243; custom_padding=&#8221;0|0px|27px|0px|false|false&#8221; global_colors_info=&#8221;{}&#8221;][et_pb_column type=&#8221;4_4&#8243; _builder_version=&#8221;4.16&#8243; custom_padding=&#8221;|||&#8221; global_colors_info=&#8221;{}&#8221; custom_padding__hover=&#8221;|||&#8221;][et_pb_cta title=&#8221;Proiect MRC-LEGO-HYDRO&#8221; _builder_version=&#8221;4.19.1&#8243; _module_preset=&#8221;default&#8221; header_font=&#8221;Raleway|700|||||||&#8221; header_font_size=&#8221;48px&#8221; header_line_height=&#8221;1.4em&#8221; body_font=&#8221;Poppins||||||||&#8221; body_font_size=&#8221;16px&#8221; body_line_height=&#8221;1.8em&#8221; use_background_color=&#8221;off&#8221; custom_button=&#8221;on&#8221; button_text_size=&#8221;14px&#8221; button_text_color=&#8221;#ffffff&#8221; button_bg_color=&#8221;#29cb8b&#8221; button_border_width=&#8221;12px&#8221; button_border_color=&#8221;#29cb8b&#8221; button_letter_spacing=&#8221;2px&#8221; button_font=&#8221;Poppins|600||on|||||&#8221; button_icon=&#8221;&#x24;||divi||400&#8243; background_layout=&#8221;light&#8221; header_font_size_tablet=&#8221;36px&#8221; header_font_size_phone=&#8221;36px&#8221; header_font_size_last_edited=&#8221;on|phone&#8221; global_colors_info=&#8221;{}&#8221;]<\/p>\n<p><i>Coordonator:<\/i><br \/><b>Academia Romana &#8211; Filiala Timisoara (RATB)<br \/><\/b><i>Manager Proiect:<\/i><br \/><b>Dr.eng. Sebastian Muntean, Senior Researcher<br \/><\/b><i>Partener 1:<\/i><br \/><b>ROSEAL SA <\/b><b>Odorheiul<\/b> <b>Secuiesc<\/b> <b>(ROSEAL)<br \/><\/b><i>Team manager P1:<\/i><br \/><strong>E<\/strong><b>ng. <\/b><b>Istv\u00e1n<\/b> <b>Borb\u00e1th<\/b><b>, <\/b><b>G<\/b><b>eneral <\/b><b>M<\/b><b>anager<br \/><\/b><i>Project Scientific Committee:<br \/><\/i><b>Dr.eng. Sebastian Muntean, SR, PM<br \/>Dr.phys. Ladislau V\u00e9k\u00e1s, SR, FM-RA<br \/>Eng. Istv\u00e1n BORB\u00c1TH, GM, TM-P1<\/b><\/p>\n<p>[\/et_pb_cta][\/et_pb_column][\/et_pb_row][et_pb_row column_structure=&#8221;1_2,1_2&#8243; _builder_version=&#8221;4.16&#8243; global_colors_info=&#8221;{}&#8221;][et_pb_column type=&#8221;1_2&#8243; _builder_version=&#8221;4.16&#8243; custom_padding=&#8221;|||&#8221; global_colors_info=&#8221;{}&#8221; custom_padding__hover=&#8221;|||&#8221;][et_pb_cta title=&#8221;Echipa de Proiect RATB&#8221; button_url=&#8221;https:\/\/www.academiatm.ro\/&#8221; url_new_window=&#8221;on&#8221; button_text=&#8221;Contact team&#8221; _builder_version=&#8221;4.19.1&#8243; header_font=&#8221;Raleway|700|||||||&#8221; header_font_size=&#8221;48px&#8221; header_line_height=&#8221;1.4em&#8221; body_font=&#8221;Poppins||||||||&#8221; body_font_size=&#8221;16px&#8221; body_line_height=&#8221;1.8em&#8221; use_background_color=&#8221;off&#8221; custom_button=&#8221;on&#8221; button_text_size=&#8221;14px&#8221; button_text_color=&#8221;#ffffff&#8221; button_bg_color=&#8221;#29cb8b&#8221; button_border_width=&#8221;12px&#8221; button_border_color=&#8221;#29cb8b&#8221; button_letter_spacing=&#8221;2px&#8221; button_font=&#8221;Poppins|600||on|||||&#8221; button_icon=&#8221;&#x24;||divi||400&#8243; background_layout=&#8221;light&#8221; header_font_size_tablet=&#8221;36px&#8221; header_font_size_phone=&#8221;&#8221; header_font_size_last_edited=&#8221;on|phone&#8221; global_colors_info=&#8221;{}&#8221; button_text_size__hover_enabled=&#8221;off&#8221; button_one_text_size__hover_enabled=&#8221;off&#8221; button_two_text_size__hover_enabled=&#8221;off&#8221; button_text_color__hover_enabled=&#8221;off&#8221; button_one_text_color__hover_enabled=&#8221;off&#8221; button_two_text_color__hover_enabled=&#8221;off&#8221; button_border_width__hover_enabled=&#8221;off&#8221; button_one_border_width__hover_enabled=&#8221;off&#8221; button_two_border_width__hover_enabled=&#8221;off&#8221; button_border_color__hover_enabled=&#8221;off&#8221; button_one_border_color__hover_enabled=&#8221;off&#8221; button_two_border_color__hover_enabled=&#8221;off&#8221; button_border_radius__hover_enabled=&#8221;off&#8221; button_one_border_radius__hover_enabled=&#8221;off&#8221; button_two_border_radius__hover_enabled=&#8221;off&#8221; button_letter_spacing__hover_enabled=&#8221;off&#8221; button_one_letter_spacing__hover_enabled=&#8221;off&#8221; button_two_letter_spacing__hover_enabled=&#8221;off&#8221; button_bg_color__hover_enabled=&#8221;off&#8221; button_one_bg_color__hover_enabled=&#8221;off&#8221; button_two_bg_color__hover_enabled=&#8221;off&#8221;]<\/p>\n<p><b>Dr.eng<\/b><b>. <\/b><b>S. Muntean<\/b>, <b>SR1<br \/><\/b><b>Dr.fiz<\/b><b>. L.<\/b> <b>V\u00e9k\u00e1s<\/b>, <b>SR1, FM-RA<br \/><\/b><b>Prof.dr.ing<\/b><b>. <\/b><b>N. Muntean, SR1<br \/><\/b><b>Assoc.Prof.dr.chim.-fiz<\/b><b>. <\/b><b>D. Susan-<\/b><b>Resiga<\/b><b>, SR1<br \/><\/b><b>Assist.Prof.dr.eng<\/b><b>. <\/b><b>A.I. <\/b><b>Bosioc<\/b><b>, SR3<br \/><\/b><b>D<\/b><b>r.eng<\/b><b>. I.A. Dr<\/b><b>\u0103<\/b><b>ghici<\/b><b>, SR3<br \/><\/b><b>Eng<\/b><b>. <\/b><b>R.-A. Szakal, SR, PhD student<br \/><\/b><b>Eng. I. <\/b><b>Rus<\/b><b>, PhD student<br \/><\/b><b>Eng. A. Doman, Ms student<br \/><\/b><b>Tech.chim<\/b><b>. F. B<\/b><b>\u0103<\/b><b>l<\/b><b>\u0103<\/b><b>nean<\/b><\/p>\n<p>[\/et_pb_cta][\/et_pb_column][et_pb_column type=&#8221;1_2&#8243; _builder_version=&#8221;4.16&#8243; custom_padding=&#8221;|||&#8221; global_colors_info=&#8221;{}&#8221; custom_padding__hover=&#8221;|||&#8221;][et_pb_cta title=&#8221;Echipa de Proiect ROSEAL&#8221; button_url=&#8221;http:\/\/www.roseal.ro\/&#8221; url_new_window=&#8221;on&#8221; button_text=&#8221;Contact Team&#8221; _builder_version=&#8221;4.19.1&#8243; header_font=&#8221;Raleway|700|||||||&#8221; header_font_size=&#8221;48px&#8221; header_line_height=&#8221;1.4em&#8221; body_font=&#8221;Poppins||||||||&#8221; body_font_size=&#8221;16px&#8221; body_line_height=&#8221;1.8em&#8221; use_background_color=&#8221;off&#8221; custom_button=&#8221;on&#8221; button_text_size=&#8221;14px&#8221; button_text_color=&#8221;#ffffff&#8221; button_bg_color=&#8221;#29cb8b&#8221; button_border_width=&#8221;12px&#8221; button_border_color=&#8221;#29cb8b&#8221; button_letter_spacing=&#8221;2px&#8221; button_font=&#8221;Poppins|600||on|||||&#8221; button_icon=&#8221;&#x24;||divi||400&#8243; background_layout=&#8221;light&#8221; header_font_size_tablet=&#8221;36px&#8221; header_font_size_phone=&#8221;&#8221; header_font_size_last_edited=&#8221;on|phone&#8221; locked=&#8221;off&#8221; global_colors_info=&#8221;{}&#8221; button_text_size__hover_enabled=&#8221;off&#8221; button_one_text_size__hover_enabled=&#8221;off&#8221; button_two_text_size__hover_enabled=&#8221;off&#8221; button_text_color__hover_enabled=&#8221;off&#8221; button_one_text_color__hover_enabled=&#8221;off&#8221; button_two_text_color__hover_enabled=&#8221;off&#8221; button_border_width__hover_enabled=&#8221;off&#8221; button_one_border_width__hover_enabled=&#8221;off&#8221; button_two_border_width__hover_enabled=&#8221;off&#8221; button_border_color__hover_enabled=&#8221;off&#8221; button_one_border_color__hover_enabled=&#8221;off&#8221; button_two_border_color__hover_enabled=&#8221;off&#8221; button_border_radius__hover_enabled=&#8221;off&#8221; button_one_border_radius__hover_enabled=&#8221;off&#8221; button_two_border_radius__hover_enabled=&#8221;off&#8221; button_letter_spacing__hover_enabled=&#8221;off&#8221; button_one_letter_spacing__hover_enabled=&#8221;off&#8221; button_two_letter_spacing__hover_enabled=&#8221;off&#8221; button_bg_color__hover_enabled=&#8221;off&#8221; button_one_bg_color__hover_enabled=&#8221;off&#8221; button_two_bg_color__hover_enabled=&#8221;off&#8221;]<\/p>\n<p><b>Eng. I. <\/b><b>Borb\u00e1th<\/b><b>, <\/b><b>GM<br \/><\/b><b>Dr.eng. T. <\/b><b>Borb\u00e1th<\/b><b>, <\/b><b>SM<br \/><\/b><b>Eng. <\/b><b>T.F. <\/b><b>Boros<br \/><\/b><b>Eng. L. <\/b><b>Szasz<br \/><\/b><b>Eng. Z. <\/b><b>Mihaly<br \/><\/b><b>Eng. \u00c1.-C. <\/b><b>Benedek<\/b><\/p>\n<p>[\/et_pb_cta][\/et_pb_column][\/et_pb_row][\/et_pb_section]<\/p>\n","protected":false},"excerpt":{"rendered":"<p>ParteneriCoordonator:Academia Romana &#8211; Filiala Timisoara (RATB)Manager Proiect:Dr.eng. Sebastian Muntean, Senior ResearcherPartener 1:ROSEAL SA Odorheiul Secuiesc (ROSEAL)Team manager P1:Eng. Istv\u00e1n Borb\u00e1th, General ManagerProject Scientific Committee:Dr.eng. Sebastian Muntean, SR, PMDr.phys. Ladislau V\u00e9k\u00e1s, SR, FM-RAEng. Istv\u00e1n BORB\u00c1TH, GM, TM-P1Dr.eng. S. Muntean, SR1Dr.fiz. L. V\u00e9k\u00e1s, SR1, FM-RAProf.dr.ing. N. Muntean, SR1Assoc.Prof.dr.chim.-fiz. D. Susan-Resiga, SR1Assist.Prof.dr.eng. A.I. Bosioc, SR3Dr.eng. I.A. Dr\u0103ghici, SR3Eng. [&hellip;]<\/p>\n","protected":false},"author":1,"featured_media":0,"parent":0,"menu_order":0,"comment_status":"closed","ping_status":"closed","template":"","meta":{"_et_pb_use_builder":"on","_et_pb_old_content":"","_et_gb_content_width":"","footnotes":""},"class_list":["post-250","page","type-page","status-publish","hentry"],"_links":{"self":[{"href":"https:\/\/mrc.academiatm.ro\/ro\/wp-json\/wp\/v2\/pages\/250","targetHints":{"allow":["GET"]}}],"collection":[{"href":"https:\/\/mrc.academiatm.ro\/ro\/wp-json\/wp\/v2\/pages"}],"about":[{"href":"https:\/\/mrc.academiatm.ro\/ro\/wp-json\/wp\/v2\/types\/page"}],"author":[{"embeddable":true,"href":"https:\/\/mrc.academiatm.ro\/ro\/wp-json\/wp\/v2\/users\/1"}],"replies":[{"embeddable":true,"href":"https:\/\/mrc.academiatm.ro\/ro\/wp-json\/wp\/v2\/comments?post=250"}],"version-history":[{"count":6,"href":"https:\/\/mrc.academiatm.ro\/ro\/wp-json\/wp\/v2\/pages\/250\/revisions"}],"predecessor-version":[{"id":404,"href":"https:\/\/mrc.academiatm.ro\/ro\/wp-json\/wp\/v2\/pages\/250\/revisions\/404"}],"wp:attachment":[{"href":"https:\/\/mrc.academiatm.ro\/ro\/wp-json\/wp\/v2\/media?parent=250"}],"curies":[{"name":"wp","href":"https:\/\/api.w.org\/{rel}","templated":true}]}}