{"id":256,"date":"2022-11-19T18:46:44","date_gmt":"2022-11-19T18:46:44","guid":{"rendered":"https:\/\/mrc.academiatm.ro\/diseminare\/"},"modified":"2024-10-28T19:12:53","modified_gmt":"2024-10-28T19:12:53","slug":"diseminare","status":"publish","type":"page","link":"https:\/\/mrc.academiatm.ro\/ro\/diseminare\/","title":{"rendered":"Diseminare"},"content":{"rendered":"<p>[et_pb_section fb_built=&#8221;1&#8243; fullwidth=&#8221;on&#8221; admin_label=&#8221;Hero Section&#8221; _builder_version=&#8221;4.16&#8243; background_image=&#8221;https:\/\/mrc.academiatm.ro\/wp-content\/uploads\/2022\/11\/law-firm-25.jpg&#8221; parallax=&#8221;on&#8221; custom_padding=&#8221;|||&#8221; global_colors_info=&#8221;{}&#8221;][et_pb_fullwidth_header title=&#8221;Cercetare \u0218tiin\u021bific\u0103 \u0219i Diseminare&#8221; subhead=&#8221;Etape, rezultate, diseminare&#8221; content_max_width=&#8221;900px&#8221; _builder_version=&#8221;4.19.1&#8243; title_font=&#8221;Raleway|700|||||||&#8221; title_font_size=&#8221;50px&#8221; title_line_height=&#8221;1.4em&#8221; content_font=&#8221;Poppins||||||||&#8221; content_font_size=&#8221;16px&#8221; content_line_height=&#8221;1.8em&#8221; subhead_font=&#8221;Poppins|600||on|||||&#8221; subhead_letter_spacing=&#8221;4px&#8221; subhead_line_height=&#8221;1.8em&#8221; background_color=&#8221;rgba(126,190,197,0)&#8221; use_background_color_gradient=&#8221;on&#8221; background_color_gradient_direction=&#8221;90deg&#8221; background_color_gradient_stops=&#8221;#0367a5 25%|rgba(0,13,255,0.7) 75%&#8221; background_color_gradient_overlays_image=&#8221;on&#8221; background_color_gradient_start=&#8221;#000dff&#8221; background_color_gradient_start_position=&#8221;25%&#8221; background_color_gradient_end=&#8221;rgba(0,13,255,0.7)&#8221; background_color_gradient_end_position=&#8221;75%&#8221; custom_button_one=&#8221;on&#8221; button_one_text_size=&#8221;14px&#8221; button_one_bg_color=&#8221;#29cb8b&#8221; button_one_border_width=&#8221;12px&#8221; button_one_border_color=&#8221;#29cb8b&#8221; button_one_letter_spacing=&#8221;2px&#8221; button_one_font=&#8221;Poppins|600||on|||||&#8221; button_one_icon=&#8221;&#x24;||divi||400&#8243; custom_button_two=&#8221;on&#8221; button_two_text_size=&#8221;14px&#8221; button_two_text_color=&#8221;#29cb8b&#8221; button_two_bg_color=&#8221;#ffffff&#8221; button_two_border_width=&#8221;12px&#8221; button_two_border_color=&#8221;#ffffff&#8221; button_two_letter_spacing=&#8221;2px&#8221; button_two_font=&#8221;Poppins|600||on|||||&#8221; button_two_icon=&#8221;&#x24;||divi||400&#8243; custom_padding=&#8221;100px||100px||true&#8221; title_font_size_tablet=&#8221;40px&#8221; title_font_size_phone=&#8221;30px&#8221; title_font_size_last_edited=&#8221;on|desktop&#8221; content_font_size_last_edited=&#8221;off|desktop&#8221; subhead_font_size_tablet=&#8221;40px&#8221; subhead_font_size_phone=&#8221;30px&#8221; subhead_font_size_last_edited=&#8221;off|desktop&#8221; button_one_letter_spacing_hover=&#8221;2px&#8221; button_two_letter_spacing_hover=&#8221;2px&#8221; global_colors_info=&#8221;{}&#8221; button_one_text_size__hover_enabled=&#8221;off&#8221; button_two_text_size__hover_enabled=&#8221;off&#8221; button_one_text_color__hover_enabled=&#8221;off&#8221; button_two_text_color__hover_enabled=&#8221;off&#8221; button_one_border_width__hover_enabled=&#8221;off&#8221; button_two_border_width__hover_enabled=&#8221;off&#8221; button_one_border_color__hover_enabled=&#8221;off&#8221; button_two_border_color__hover_enabled=&#8221;off&#8221; button_one_border_radius__hover_enabled=&#8221;off&#8221; button_two_border_radius__hover_enabled=&#8221;off&#8221; button_one_letter_spacing__hover_enabled=&#8221;on&#8221; button_one_letter_spacing__hover=&#8221;2px&#8221; button_two_letter_spacing__hover_enabled=&#8221;on&#8221; button_two_letter_spacing__hover=&#8221;2px&#8221; button_one_bg_color__hover_enabled=&#8221;off&#8221; button_two_bg_color__hover_enabled=&#8221;off&#8221;][\/et_pb_fullwidth_header][\/et_pb_section][et_pb_section fb_built=&#8221;1&#8243; custom_padding_last_edited=&#8221;off|desktop&#8221; admin_label=&#8221;About Section&#8221; _builder_version=&#8221;4.16&#8243; module_alignment=&#8221;right&#8221; custom_padding=&#8221;80px||80px||true|false&#8221; custom_padding_tablet=&#8221;||120px|&#8221; global_colors_info=&#8221;{}&#8221;][et_pb_row column_structure=&#8221;1_4,3_4&#8243; _builder_version=&#8221;4.16&#8243; custom_margin=&#8221;||50px|&#8221; custom_padding=&#8221;60px|0px|60px|0px|true|false&#8221; border_color_all=&#8221;rgba(0,0,0,0.12)&#8221; border_width_bottom=&#8221;2px&#8221; global_colors_info=&#8221;{}&#8221;][et_pb_column type=&#8221;1_4&#8243; _builder_version=&#8221;4.16&#8243; custom_padding=&#8221;|||&#8221; global_colors_info=&#8221;{}&#8221; custom_padding__hover=&#8221;|||&#8221;][et_pb_image src=&#8221;https:\/\/mrc.academiatm.ro\/wp-content\/uploads\/2022\/11\/Design-requirements.png&#8221; title_text=&#8221;Design-requirements&#8221; _builder_version=&#8221;4.19.1&#8243; always_center_on_mobile=&#8221;off&#8221; global_colors_info=&#8221;{}&#8221;][\/et_pb_image][\/et_pb_column][et_pb_column type=&#8221;3_4&#8243; _builder_version=&#8221;4.16&#8243; custom_padding=&#8221;|||&#8221; global_colors_info=&#8221;{}&#8221; custom_padding__hover=&#8221;|||&#8221;][et_pb_text ul_type=&#8221;circle&#8221; ul_position=&#8221;inside&#8221; _builder_version=&#8221;4.19.1&#8243; text_font=&#8221;Poppins||||||||&#8221; text_font_size=&#8221;16px&#8221; text_line_height=&#8221;2em&#8221; ul_font=&#8221;Poppins||||||||&#8221; ul_line_height=&#8221;2em&#8221; header_font=&#8221;||||||||&#8221; header_3_font=&#8221;Raleway|700|||||||&#8221; header_3_font_size=&#8221;24px&#8221; header_3_line_height=&#8221;1.4em&#8221; max_width=&#8221;750px&#8221; custom_margin=&#8221;|||&#8221; locked=&#8221;off&#8221; global_colors_info=&#8221;{}&#8221;]<\/p>\n<h3><b>Magneto-Rheological Clutch in Modular Construction for Pump Storage <\/b><b>Units <\/b> <\/h3>\n<p><b>MRC-LEGO-HYDRO<\/b><\/p>\n<p>Project code <b>PN-III-P2-2.1-PED-2021-1479<br \/><\/b>Contract no. <b>723PED2022<br \/><\/b>June 27th, 2022 \u2013 June 26th, 2024 <b>(24 months)<\/b><\/p>\n<p>[\/et_pb_text][\/et_pb_column][\/et_pb_row][et_pb_row _builder_version=&#8221;4.19.1&#8243; global_colors_info=&#8221;{}&#8221;][et_pb_column type=&#8221;4_4&#8243; _builder_version=&#8221;4.19.1&#8243; custom_padding=&#8221;|||&#8221; global_colors_info=&#8221;{}&#8221; custom_padding__hover=&#8221;|||&#8221;][et_pb_text ul_type=&#8221;circle&#8221; _builder_version=&#8221;4.27.2&#8243; text_font=&#8221;Poppins||||||||&#8221; text_font_size=&#8221;16px&#8221; text_line_height=&#8221;2em&#8221; ul_font=&#8221;Poppins||||||||&#8221; ul_line_height=&#8221;2em&#8221; header_font=&#8221;||||||||&#8221; header_3_font=&#8221;Raleway|700|||||||&#8221; header_3_font_size=&#8221;24px&#8221; header_3_line_height=&#8221;1.4em&#8221; header_4_font=&#8221;|700|||||||&#8221; header_4_font_size=&#8221;16px&#8221; header_4_line_height=&#8221;1.4em&#8221; max_width=&#8221;750px&#8221; custom_margin=&#8221;||50px|&#8221; hover_enabled=&#8221;0&#8243; global_colors_info=&#8221;{}&#8221; sticky_enabled=&#8221;0&#8243;]<\/p>\n<h4>Disseminated results:<\/h4>\n<ul>\n<li><u>Vekas L.<\/u>, (2023) <em>Magneto-Rheological Brake to Control the Rotor Speed for Hydraulic Machinery Applications<\/em>, 16th International Conference on Magnetic Fluids (ICMF 2023) June 12 \u2013 16, 2023, Granada, Spain. (Plenary Lecture PL1)<\/li>\n<li>Muntean S., <u>Szakal R.-A.<\/u>, Bosioc A.-I., Vekas L., Borb\u00e1th I. (2023)<em> Magneto-rheological clutch for variable speed control<\/em>, 16th International Conference on Magnetic Fluids (ICMF 2023) June 12 \u2013 16, 2023, Granada, Spain. (poster TA-PS1-4)<\/li>\n<li>Susan-Resiga D., Socoliuc V.-M., <u>Borb\u00e1th I.<\/u>, <u>Borb\u00e1th T.<\/u>, B\u0103l\u0103nean F., <u>V\u00e9k\u00e1s L<\/u>. (2023)<em> High magnetization composite magnetic fluid: magnetorheology and application in rotating seals<\/em>, 16th International Conference on Magnetic Fluids (ICMF 2023), June 12 \u2013 16, 2023, Granada, Spain. (poster RS-PS2-4)<\/li>\n<li>Muntean S., <u>Rus I.<\/u>, <u>Dr\u0103ghici I.<\/u> (2023) <em>Assessment of the cavitational behaviour induced by a symmetrical suction elbow in a centrifugal pump impeller<\/em>, 9th IAHR Meeting of the WorkGroup on Cavitation and Dynamic Problems in Hydraulic Machinery and Systems, October 10 \u2013 12, 2023, Timisoara, Romania. (Oral presentation ID 41)<\/li>\n<li><u>Muntean S.<\/u>, Rus I., Bosioc A., Dr\u0103ghici I. (2023) <em>Experimental and numerical investigations for the rehabilitation of the storage pumping units<\/em>, XIIth HYDROFORUM Polish Hydropower Conference, October 25 \u2013 27, 2023, Wroclaw, Poland. (Oral presentation)<\/li>\n<li>Muntean S., <u>Rus I.<\/u>, <u>Dr\u0103ghici I.<\/u> (2024) <em>Assessment of the cavitational behaviour induced by a symmetrical suction elbow in a centrifugal pump impeller<\/em>, IoP Conference Series: Earth and Environmental Sciences. (accepted for publication);<\/li>\n<li>Szakal R. A., Bosioc A., Borb\u00e1th I., Muntean S. (2024) <em>Comparative analysis of two magneto-reological clutches with different geometric configurations, <\/em>Proceedings of the Romanian Academy, Series A. (submited);<\/li>\n<li><u>Szakal R.A.<\/u>, Bosioc A., Borb\u00e1th I., V\u00e9k\u00e1s L., Muntean S. (2024) <em>Design and testing a magneto-rheological device with disk configuration for pumping units<\/em>, Hungarian \u2013 Romanian Workshop on Magnetic nano-micro composite fluids and their applications in engineering and medicine, June 2, 2024, Timisoara, Romania. (Oral presentation);<\/li>\n<li><u>Szakal R.A.<\/u>, Bosioc A., Borb\u00e1th I., V\u00e9k\u00e1s L., <u>Muntean S.<\/u> (2024) <em>Design and testing a magneto-rheological device with disk configuration for pumping units<\/em>, Hungarian \u2013 Romanian Workshop on Magnetic nano-micro composite fluids and their applications in engineering and medicine, October 2, 2024, Timisoara, Romania. (Oral presentation);<\/li>\n<\/ul>\n<p>&nbsp;<\/p>\n<h4>Contributions to the training of human resources:<\/h4>\n<ol>\n<li>Doman A., \u201c<em>Design of a magneto-rheological clutch with disk configuration<\/em>\u201d, Master thesis, University Politehnica Timisoara, Mechanical Engineering Faculty, June 2023;<\/li>\n<li>Szakal R.A., \u201c<em>Investigations of the hydrodynamic field in the suction tube cone of hydraulic turbines and flow control with a magneto-rheological device<\/em>\u201d, PhD Thesis, University Politehnica Timisoara, Mechanical Engineering Faculty, November 2023;<\/li>\n<li>eng Rus I., \u201c<em>Investigating the cavitation behavior of centrifugal pumps and evaluating the capabilities of the Zwart &#8211; Gerber &#8211; Belamri model for the analysis of cavitation flows<\/em>\u201d, PhD Thesis, University Politehnica Timisoara, Mechanical Engineering Faculty, in preparation;<\/li>\n<\/ol>\n<p>&nbsp;<\/p>\n<p>[\/et_pb_text][\/et_pb_column][\/et_pb_row][\/et_pb_section]<\/p>\n","protected":false},"excerpt":{"rendered":"<p>Magneto-Rheological Clutch in Modular Construction for Pump Storage Units MRC-LEGO-HYDRO Project code PN-III-P2-2.1-PED-2021-1479Contract no. 723PED2022June 27th, 2022 \u2013 June 26th, 2024 (24 months)Disseminated results: Vekas L., (2023) Magneto-Rheological Brake to Control the Rotor Speed for Hydraulic Machinery Applications, 16th International Conference on Magnetic Fluids (ICMF 2023) June 12 \u2013 16, 2023, Granada, Spain. (Plenary Lecture [&hellip;]<\/p>\n","protected":false},"author":1,"featured_media":0,"parent":0,"menu_order":0,"comment_status":"closed","ping_status":"closed","template":"","meta":{"_et_pb_use_builder":"on","_et_pb_old_content":"","_et_gb_content_width":"","footnotes":""},"class_list":["post-256","page","type-page","status-publish","hentry"],"_links":{"self":[{"href":"https:\/\/mrc.academiatm.ro\/ro\/wp-json\/wp\/v2\/pages\/256","targetHints":{"allow":["GET"]}}],"collection":[{"href":"https:\/\/mrc.academiatm.ro\/ro\/wp-json\/wp\/v2\/pages"}],"about":[{"href":"https:\/\/mrc.academiatm.ro\/ro\/wp-json\/wp\/v2\/types\/page"}],"author":[{"embeddable":true,"href":"https:\/\/mrc.academiatm.ro\/ro\/wp-json\/wp\/v2\/users\/1"}],"replies":[{"embeddable":true,"href":"https:\/\/mrc.academiatm.ro\/ro\/wp-json\/wp\/v2\/comments?post=256"}],"version-history":[{"count":6,"href":"https:\/\/mrc.academiatm.ro\/ro\/wp-json\/wp\/v2\/pages\/256\/revisions"}],"predecessor-version":[{"id":402,"href":"https:\/\/mrc.academiatm.ro\/ro\/wp-json\/wp\/v2\/pages\/256\/revisions\/402"}],"wp:attachment":[{"href":"https:\/\/mrc.academiatm.ro\/ro\/wp-json\/wp\/v2\/media?parent=256"}],"curies":[{"name":"wp","href":"https:\/\/api.w.org\/{rel}","templated":true}]}}